{"id":81,"date":"2024-11-01T20:29:39","date_gmt":"2024-11-01T19:29:39","guid":{"rendered":"https:\/\/graving.shivweb.com\/?post_type=product&#038;p=81"},"modified":"2026-03-20T22:57:40","modified_gmt":"2026-03-20T21:57:40","slug":"xtool-p2s-co2-namizni-laser-55w-2","status":"publish","type":"product","link":"https:\/\/gravingx.com\/sl\/izdelek\/xtool-p2s-co2-namizni-laser-55w-2\/","title":{"rendered":"xTool P2s CO2 Namizni laser 55W"},"content":{"rendered":"<p class=\"p1\">Najnaprednej\u0161i <strong>Namizni laser CO2<\/strong> na trgu.<\/p>\n<p class=\"p1\"><span style=\"box-sizing: border-box; margin: 0px; padding: 0px;\">Zagotavljanje\u00a0<strong>55W<\/strong> mo\u010di, omogo\u010da hitro rezanje in graviranje. Dopolnjujejo ga izpopolnjena programska oprema in razli\u010dni dodatki, ki spodbujajo ustvarjalnost in vsestranskost. Kakovost in natan\u010dnost izdelkov zagotavljata zanesljivost in natan\u010dnost.<\/span><\/p>\n<p><span style=\"box-sizing: border-box; margin: 0px; padding: 0px;\">P2S ponuja ve\u010d kot 30 bistvenih izbolj\u0161av v primerjavi s serijo P2, kar napravo uvr\u0161\u010da na vrh na\u0161e ponudbe strojev. Za naprave P2s ponujamo tudi \u0161tevilne dodatke, kot je npr.\u00a0<strong>RA2 Pro<\/strong>\u00a0rotacijski dodatek, P2\/P2s\u00a0<strong>riser base<\/strong>,\u00a0<strong>Conveyor feeder<\/strong>\u00a0za P2\/P2s,\u00a0<strong>Fire Safety set,<\/strong>\u00a0in\u00a0<strong>Smoke Purifier,<\/strong> , ki so na voljo v na\u0161i trgovini. Ta dodatna oprema raz\u0161iri zmogljivosti va\u0161ega P2s!<\/span><\/p>\n<p>&nbsp;<\/p>\n<div style=\"width: 1200px;\" class=\"wp-video\"><video class=\"wp-video-shortcode\" id=\"video-81-1\" width=\"1200\" height=\"675\" preload=\"metadata\" controls=\"controls\"><source type=\"video\/mp4\" src=\"https:\/\/gravingx.com\/wp-content\/uploads\/2024\/11\/p2s-innovation-1.mp4?_=1\" \/><a href=\"https:\/\/gravingx.com\/wp-content\/uploads\/2024\/11\/p2s-innovation-1.mp4\">https:\/\/gravingx.com\/wp-content\/uploads\/2024\/11\/p2s-innovation-1.mp4<\/a><\/video><\/div>\n<div style=\"width: 1200px;\" class=\"wp-video\"><video class=\"wp-video-shortcode\" id=\"video-81-2\" width=\"1200\" height=\"675\" preload=\"metadata\" controls=\"controls\"><source type=\"video\/mp4\" src=\"https:\/\/gravingx.com\/wp-content\/uploads\/2024\/11\/corved-cylinder-1.mp4?_=2\" \/><a href=\"https:\/\/gravingx.com\/wp-content\/uploads\/2024\/11\/corved-cylinder-1.mp4\">https:\/\/gravingx.com\/wp-content\/uploads\/2024\/11\/corved-cylinder-1.mp4<\/a><\/video><\/div>\n<div style=\"width: 1200px;\" class=\"wp-video\"><video class=\"wp-video-shortcode\" id=\"video-81-3\" width=\"1200\" height=\"675\" preload=\"metadata\" controls=\"controls\"><source type=\"video\/mp4\" src=\"https:\/\/gravingx.com\/wp-content\/uploads\/2024\/11\/software-smart-fill-p2s-1.mp4?_=3\" \/><a href=\"https:\/\/gravingx.com\/wp-content\/uploads\/2024\/11\/software-smart-fill-p2s-1.mp4\">https:\/\/gravingx.com\/wp-content\/uploads\/2024\/11\/software-smart-fill-p2s-1.mp4<\/a><\/video><\/div>\n<h1><\/h1>\n<h1 style=\"box-sizing: border-box; margin: 0px; padding: 0px;\">Tehni\u010dne specifikacije:<\/h1>\n<p style=\"box-sizing: border-box; margin: 0px; padding: 0px;\">Dimenzije mize: <strong>680 x 360 mm<\/strong>; obmo\u010dje graviranja do <strong>600 x 308 mm<\/strong>.<\/p>\n<p style=\"box-sizing: border-box; margin: 0px; padding: 0px;\">Najve\u010dja vi\u0161ina predmeta: <strong>71 mm<\/strong>, raztegljiv vlo\u017eek, ki omogo\u010da vi\u0161ino do<strong> 215 mm<\/strong>.<\/p>\n<p style=\"box-sizing: border-box; margin: 0px; padding: 0px;\">Najve\u010dja debelina rezanja, ki jo je mogo\u010de dose\u010di z enim prehodom: <strong>20 mm<\/strong> za <strong>prozorno pleksi steklo<\/strong> in <strong>18 mm<\/strong> za <strong>lipov les<\/strong>.<\/p>\n<p style=\"box-sizing: border-box; margin: 0px; padding: 0px;\">Dimenzije laserske to\u010dke: 0,15 x 0,2 mm.<\/p>\n<p style=\"box-sizing: border-box; margin: 0px; padding: 0px;\">Mo\u017enost rotacijskega graviranja (dodatna oprema RA2) omogo\u010da najve\u010d <strong>180 mm<\/strong> premera.<\/p>\n<p style=\"box-sizing: border-box; margin: 0px; padding: 0px;\">Delovna hitrost do <strong>600 mm\/s<\/strong>, pri \u010demer pospe\u0161ek v osi X dose\u017ee do <strong>6400 m\/s\u00b2<\/strong>.<\/p>\n<p style=\"box-sizing: border-box; margin: 0px; padding: 0px;\">U\u010dinkovitost ekstrakcije: <strong>396 m\u00b3\/h<\/strong>, ki ga je omogo\u010dil <strong>dvojni ventilator<\/strong> ki deluje pri <strong>14,000 RPM<\/strong>.<\/p>\n<p style=\"box-sizing: border-box; margin: 0px; padding: 0px;\">Tlak zra\u010dne \u010drpalke: <strong>200 kPa<\/strong> (konfiguracija z dvema valjema).<\/p>\n<p style=\"box-sizing: border-box; margin: 0px; padding: 0px;\">Vklju\u010duje <strong>opti\u010dni kazalnik to\u010dke<\/strong> in <strong>samodejno ostrenje<\/strong> .<\/p>\n<p style=\"box-sizing: border-box; margin: 0px; padding: 0px;\"><strong>Tehnologija samopozicioniranja<\/strong> zaposluje dve <strong>kamere visoke lo\u010dljivosti 16 MP<\/strong> za natan\u010dno <strong>macro<\/strong> in <strong>micro<\/strong>-prilagoditve.<\/p>\n<p style=\"box-sizing: border-box; margin: 0px; padding: 0px;\">Vklju\u010duje <strong>obse\u017ene varnostne funkcije<\/strong>.<\/p>\n<p style=\"box-sizing: border-box; margin: 0px; padding: 0px;\">Zmo\u017enost za <strong>graviranje po ukrivljenih povr\u0161inah<\/strong>.<\/p>\n<p style=\"box-sizing: border-box; margin: 0px; padding: 0px;\">zmo\u017enost graviranja predmetov do <strong>dol\u017eine 2 metrov<\/strong> z uporabo<strong> passthrough<\/strong> funkcije z <strong>Avtomatskim podajalnikom<\/strong> na voljo v na\u0161i trgovini.<\/p>\n<p style=\"box-sizing: border-box; margin: 0px; padding: 0px;\">Najsodobnej\u0161a <strong>Programsko opremo XCS<\/strong> z <strong>Podpora umetne inteligence<\/strong> je vklju\u010dena v ceno naprave.<\/p>\n<p style=\"box-sizing: border-box; margin: 0px; padding: 0px;\">Ve\u010d kot <strong>400 prednastavljenih nastavitev materialov<\/strong> so na voljo v knji\u017enici EasySet.<\/p>\n<p style=\"box-sizing: border-box; margin: 0px; padding: 0px;\"><strong>Avtomatizirano testiranje<\/strong> za dolo\u010ditev optimalnih u\u010dinkov graviranja.<\/p>\n<p style=\"box-sizing: border-box; margin: 0px; padding: 0px;\">Zasnovan za <strong>enostavno vsakodnevno vzdr\u017eevanje<\/strong>z operativnimi kazalniki.<\/p>\n<p style=\"box-sizing: border-box; margin: 0px; padding: 0px;\">Te\u017ea izdelka: <strong>45 kg<\/strong>.<\/p>\n<p style=\"box-sizing: border-box; margin: 0px; padding: 0px;\">Celotne mere izdelka: <strong>1000 x 639 x 268 mm<\/strong>.<\/p>\n<p>&nbsp;<\/p>\n<p>&nbsp;<\/p>\n<p>&nbsp;<\/p>","protected":false},"excerpt":{"rendered":"<p>xTool P2S je zmogljivi CO2 laserski gravirni stroj 55W za profesionalno graviranje in rezanje lesa, akrila in MDF do 18mm. Uradni xTool distributer GravingX.<\/p>","protected":false},"featured_media":106,"template":"","meta":{"_gspb_post_css":"","inline_featured_image":false},"product_brand":[143],"product_cat":[18],"product_tag":[26,24,25],"class_list":{"0":"post-81","1":"product","2":"type-product","3":"status-publish","4":"has-post-thumbnail","6":"product_brand-xtool","7":"product_cat-p-series","8":"product_tag-55w","9":"product_tag-co2-laser","10":"product_tag-gravo","12":"first","13":"instock","14":"taxable","15":"shipping-taxable","16":"purchasable","17":"product-type-simple"},"_links":{"self":[{"href":"https:\/\/gravingx.com\/sl\/wp-json\/wp\/v2\/product\/81","targetHints":{"allow":["GET"]}}],"collection":[{"href":"https:\/\/gravingx.com\/sl\/wp-json\/wp\/v2\/product"}],"about":[{"href":"https:\/\/gravingx.com\/sl\/wp-json\/wp\/v2\/types\/product"}],"wp:featuredmedia":[{"embeddable":true,"href":"https:\/\/gravingx.com\/sl\/wp-json\/wp\/v2\/media\/106"}],"wp:attachment":[{"href":"https:\/\/gravingx.com\/sl\/wp-json\/wp\/v2\/media?parent=81"}],"wp:term":[{"taxonomy":"product_brand","embeddable":true,"href":"https:\/\/gravingx.com\/sl\/wp-json\/wp\/v2\/product_brand?post=81"},{"taxonomy":"product_cat","embeddable":true,"href":"https:\/\/gravingx.com\/sl\/wp-json\/wp\/v2\/product_cat?post=81"},{"taxonomy":"product_tag","embeddable":true,"href":"https:\/\/gravingx.com\/sl\/wp-json\/wp\/v2\/product_tag?post=81"}],"curies":[{"name":"wp","href":"https:\/\/api.w.org\/{rel}","templated":true}]}}